{"id":77,"date":"2022-04-01T15:35:17","date_gmt":"2022-04-01T18:35:17","guid":{"rendered":"https:\/\/magicti.com\/?page_id=77"},"modified":"2022-04-01T16:40:21","modified_gmt":"2022-04-01T19:40:21","slug":"sobre","status":"publish","type":"page","link":"https:\/\/magicti.com\/site\/sobre\/","title":{"rendered":"Sobre"},"content":{"rendered":"\n<div class=\"wp-block-columns is-layout-flex wp-container-core-columns-is-layout-9d6595d7 wp-block-columns-is-layout-flex\">\n<div class=\"wp-block-column is-layout-flow wp-block-column-is-layout-flow\" style=\"flex-basis:50%\">\n<pre id=\"tw-target-text\" class=\"wp-block-preformatted has-white-background-color has-background\" style=\"font-size:25px\">A Magic TI \u00e9 uma empresa de solu\u00e7\u00f5es em TI de servi\u00e7o completo que atende \u00e0s necessidades de organiza\u00e7\u00f5es h\u00e1 mais de 8 anos. Nossa miss\u00e3o \u00e9 tirar o mist\u00e9rio e o desafio da tecnologia para que voc\u00ea possa se concentrar no que \u00e9 mais importante para voc\u00ea \u2013 seu neg\u00f3cio.<\/pre>\n<\/div>\n\n\n\n<div class=\"wp-block-column is-layout-flow wp-block-column-is-layout-flow\" style=\"flex-basis:50%\">\n<figure class=\"wp-block-image size-full\"><img fetchpriority=\"high\" decoding=\"async\" width=\"777\" height=\"689\" src=\"http:\/\/68.168.222.157:8000\/wp-content\/uploads\/2022\/04\/About-Us.png\" alt=\"\" class=\"wp-image-78\" srcset=\"https:\/\/magicti.com\/wp-content\/uploads\/2022\/04\/About-Us.png 777w, https:\/\/magicti.com\/wp-content\/uploads\/2022\/04\/About-Us-300x266.png 300w, https:\/\/magicti.com\/wp-content\/uploads\/2022\/04\/About-Us-768x681.png 768w\" sizes=\"(max-width: 777px) 100vw, 777px\" \/><\/figure>\n<\/div>\n<\/div>\n\n\n\n<p><\/p>\n\n\n\n<p><\/p>\n\n\n\n<pre id=\"tw-target-text\" class=\"wp-block-preformatted has-white-background-color has-background has-large-font-size\"><strong>Sua empresa de TI \u201cSEMPRE LIGADA\u201d<\/strong>\n\n<\/pre>\n\n\n\n<div class=\"wp-block-columns is-layout-flex wp-container-core-columns-is-layout-9d6595d7 wp-block-columns-is-layout-flex\">\n<div class=\"wp-block-column is-layout-flow wp-block-column-is-layout-flow\" style=\"flex-basis:66.66%\">\n<pre id=\"block-0b917f10-38e9-4d08-93e8-572b1df9921f\" class=\"wp-block-preformatted has-white-background-color has-background\" style=\"font-size:25px\">A Magic TI emprega os t\u00e9cnicos mais qualificados com uma ampla gama de habilidades. Algu\u00e9m est\u00e1 sempre dispon\u00edvel para ajudar os clientes com as quest\u00f5es t\u00e9cnicas que surgem durante o dia. Sua empresa n\u00e3o precisa mais perder tempo na espera para atendimento ao cliente, e caso voc\u00ea tenha um problema que precise de assist\u00eancia no local, a Magic TI tem uma equipe de t\u00e9cnicos prontos para ajudar.<\/pre>\n<\/div>\n\n\n\n<div class=\"wp-block-column is-layout-flow wp-block-column-is-layout-flow\" style=\"flex-basis:33.33%\">\n<figure class=\"wp-block-image size-full\"><img decoding=\"async\" width=\"586\" height=\"490\" src=\"http:\/\/68.168.222.157:8000\/wp-content\/uploads\/2022\/04\/image.png\" alt=\"\" class=\"wp-image-79\" srcset=\"https:\/\/magicti.com\/wp-content\/uploads\/2022\/04\/image.png 586w, https:\/\/magicti.com\/wp-content\/uploads\/2022\/04\/image-300x251.png 300w\" sizes=\"(max-width: 586px) 100vw, 586px\" \/><\/figure>\n<\/div>\n<\/div>\n","protected":false},"excerpt":{"rendered":"<p>A Magic TI \u00e9 uma empresa de solu\u00e7\u00f5es em TI de servi\u00e7o completo que atende \u00e0s necessidades de organiza\u00e7\u00f5es h\u00e1 mais de 8 anos. Nossa miss\u00e3o \u00e9 tirar o mist\u00e9rio e o desafio da tecnologia para que voc\u00ea possa se concentrar no que \u00e9 mais importante para voc\u00ea \u2013 seu neg\u00f3cio. Sua empresa de TI [&hellip;]<\/p>\n","protected":false},"author":1,"featured_media":0,"parent":0,"menu_order":0,"comment_status":"closed","ping_status":"closed","template":"","meta":{"footnotes":""},"class_list":["post-77","page","type-page","status-publish","hentry"],"_links":{"self":[{"href":"https:\/\/magicti.com\/site\/wp-json\/wp\/v2\/pages\/77","targetHints":{"allow":["GET"]}}],"collection":[{"href":"https:\/\/magicti.com\/site\/wp-json\/wp\/v2\/pages"}],"about":[{"href":"https:\/\/magicti.com\/site\/wp-json\/wp\/v2\/types\/page"}],"author":[{"embeddable":true,"href":"https:\/\/magicti.com\/site\/wp-json\/wp\/v2\/users\/1"}],"replies":[{"embeddable":true,"href":"https:\/\/magicti.com\/site\/wp-json\/wp\/v2\/comments?post=77"}],"version-history":[{"count":7,"href":"https:\/\/magicti.com\/site\/wp-json\/wp\/v2\/pages\/77\/revisions"}],"predecessor-version":[{"id":116,"href":"https:\/\/magicti.com\/site\/wp-json\/wp\/v2\/pages\/77\/revisions\/116"}],"wp:attachment":[{"href":"https:\/\/magicti.com\/site\/wp-json\/wp\/v2\/media?parent=77"}],"curies":[{"name":"wp","href":"https:\/\/api.w.org\/{rel}","templated":true}]}}